{"id":4463,"date":"2020-01-06T15:33:38","date_gmt":"2020-01-06T15:33:38","guid":{"rendered":"https:\/\/www.nessa-art.si\/about-me\/"},"modified":"2025-05-12T16:57:10","modified_gmt":"2025-05-12T16:57:10","slug":"about-me","status":"publish","type":"page","link":"https:\/\/www.nessa-art.si\/en\/about-me\/","title":{"rendered":"About me"},"content":{"rendered":"<p><div class=\"fusion-fullwidth fullwidth-box fusion-builder-row-1 fusion-flex-container nonhundred-percent-fullwidth non-hundred-percent-height-scrolling\" style=\"--awb-border-radius-top-left:0px;--awb-border-radius-top-right:0px;--awb-border-radius-bottom-right:0px;--awb-border-radius-bottom-left:0px;--awb-padding-top:0px;--awb-padding-bottom:0px;--awb-padding-bottom-small:30px;--awb-flex-wrap:wrap;\" ><div class=\"fusion-builder-row fusion-row fusion-flex-align-items-center fusion-flex-content-wrap\" style=\"max-width:1456px;margin-left: calc(-4% \/ 2 );margin-right: calc(-4% \/ 2 );\"><div class=\"fusion-layout-column fusion_builder_column fusion-builder-column-0 fusion_builder_column_1_2 1_2 fusion-flex-column fusion-animated\" style=\"--awb-padding-top:40px;--awb-padding-bottom:30px;--awb-bg-size:cover;--awb-width-large:50%;--awb-margin-top-large:0px;--awb-spacing-right-large:5.12%;--awb-margin-bottom-large:25px;--awb-spacing-left-large:3.84%;--awb-width-medium:100%;--awb-order-medium:0;--awb-spacing-right-medium:1.92%;--awb-margin-bottom-medium:0px;--awb-spacing-left-medium:1.92%;--awb-width-small:100%;--awb-order-small:0;--awb-spacing-right-small:1.92%;--awb-spacing-left-small:1.92%;\" data-animationType=\"fadeInLeft\" data-animationDuration=\"1.0\" data-animationOffset=\"top-into-view\"><div class=\"fusion-column-wrapper fusion-column-has-shadow fusion-flex-justify-content-center fusion-content-layout-column\"><div class=\"fusion-title title fusion-title-1 fusion-sep-none fusion-title-text fusion-title-size-six\" style=\"--awb-margin-top:0px;--awb-margin-bottom:10px;--awb-margin-bottom-small:10px;\"><h6 class=\"fusion-title-heading title-heading-left md-text-align-center sm-text-align-center fusion-responsive-typography-calculated\" style=\"margin:0;text-transform:var(--awb-typography2-text-transform);--fontSize:14;--minFontSize:14;line-height:var(--awb-typography2-line-height);\">Ne\u017ea Erjavec<\/h6><\/div><div class=\"fusion-title title fusion-title-2 fusion-sep-none fusion-title-text fusion-title-size-two\" style=\"--awb-margin-bottom:32px;--awb-margin-bottom-medium:20px;\"><h2 class=\"fusion-title-heading title-heading-left md-text-align-center sm-text-align-center fusion-responsive-typography-calculated\" style=\"margin:0;--fontSize:44;line-height:1.26;\">Nessa Art<\/h2><\/div><div class=\"fusion-text fusion-text-1 md-text-align-center sm-text-align-center\" style=\"--awb-text-transform:none;\"><div class=\"fusion-text fusion-text-1 md-text-align-center sm-text-align-center\">\n<p>Ne\u017ea Erjavec (@nessa._art) is a 31 years old artist born in Ljubljana, Slovenia. She studied marketing on Faculty of Economics in Ljubljana, and also did a semester abroad in Lille, France. She took a year off after finishing her bachelors degree and found an internship in Brasil, she spent there 3 months working, travelling and discovering life. After finishing her bachelers degree, she enroled in masters class studying International Business. At that time she bought herself her first oil paintings and started painting in her spare time in-between studying and working.<\/p>\n<p>She always loved art and made artwork as a child, but never had the courage to enrole in an art school or college, that is why she decided to learn painting by herself in her 20s while discovering her passions in life. She started painting with oil painting which is still her favourite medium, but she is also know for her large-scaled wall paintings made with acrylics. V tem \u010dasu so skupaj z dru\u017eino prenavljali hi\u0161o v Ljubljani, tam je pri\u0161lo do ideje da bi popestrili sobe s stensko poslikavo. She has painted over 20 wall murals for businesses around Slovenia and made a few timelapse videos of her work that had been seen by lots of people. She also works with watercolours and every year, she makes special Christmas ornaments, painted with oils on wood.<\/p>\n<\/div>\n<\/div><\/div><\/div><div class=\"fusion-layout-column fusion_builder_column fusion-builder-column-1 fusion_builder_column_1_2 1_2 fusion-flex-column\" style=\"--awb-overflow:hidden;--awb-bg-size:cover;--awb-border-radius:0px 60px 0px 0px;--awb-width-large:50%;--awb-margin-top-large:40px;--awb-spacing-right-large:3.84%;--awb-margin-bottom-large:40px;--awb-spacing-left-large:11.52%;--awb-width-medium:100%;--awb-order-medium:0;--awb-spacing-right-medium:1.92%;--awb-spacing-left-medium:1.92%;--awb-width-small:100%;--awb-order-small:0;--awb-spacing-right-small:1.92%;--awb-spacing-left-small:1.92%;\"><div class=\"fusion-column-wrapper fusion-column-has-shadow fusion-flex-justify-content-flex-start fusion-content-layout-column\"><div class=\"fusion-image-element \" style=\"--awb-caption-title-font-family:var(--h2_typography-font-family);--awb-caption-title-font-weight:var(--h2_typography-font-weight);--awb-caption-title-font-style:var(--h2_typography-font-style);--awb-caption-title-size:var(--h2_typography-font-size);--awb-caption-title-transform:var(--h2_typography-text-transform);--awb-caption-title-line-height:var(--h2_typography-line-height);--awb-caption-title-letter-spacing:var(--h2_typography-letter-spacing);\"><span class=\" fusion-imageframe imageframe-none imageframe-1 hover-type-zoomin\"><img decoding=\"async\" width=\"1280\" height=\"1920\" title=\"0107A\" src=\"https:\/\/www.nessa-art.si\/wp-content\/uploads\/2025\/05\/0107A-scaled.jpg\" data-orig-src=\"https:\/\/www.nessa-art.si\/wp-content\/uploads\/2025\/05\/0107A-scaled.jpg\" alt class=\"lazyload img-responsive wp-image-5726\" srcset=\"data:image\/svg+xml,%3Csvg%20xmlns%3D%27http%3A%2F%2Fwww.w3.org%2F2000%2Fsvg%27%20width%3D%271280%27%20height%3D%271920%27%20viewBox%3D%270%200%201280%201920%27%3E%3Crect%20width%3D%271280%27%20height%3D%271920%27%20fill-opacity%3D%220%22%2F%3E%3C%2Fsvg%3E\" data-srcset=\"https:\/\/www.nessa-art.si\/wp-content\/uploads\/2025\/05\/0107A-200x300.jpg 200w, https:\/\/www.nessa-art.si\/wp-content\/uploads\/2025\/05\/0107A-400x600.jpg 400w, https:\/\/www.nessa-art.si\/wp-content\/uploads\/2025\/05\/0107A-600x900.jpg 600w, https:\/\/www.nessa-art.si\/wp-content\/uploads\/2025\/05\/0107A-800x1200.jpg 800w, https:\/\/www.nessa-art.si\/wp-content\/uploads\/2025\/05\/0107A-1200x1800.jpg 1200w, https:\/\/www.nessa-art.si\/wp-content\/uploads\/2025\/05\/0107A-scaled.jpg 1280w\" data-sizes=\"auto\" data-orig-sizes=\"(max-width: 1024px) 100vw, (max-width: 640px) 100vw, 800px\" \/><\/span><\/div><\/div><\/div><\/div><\/div><div class=\"fusion-fullwidth fullwidth-box fusion-builder-row-2 fusion-flex-container nonhundred-percent-fullwidth non-hundred-percent-height-scrolling\" style=\"--awb-border-radius-top-left:0px;--awb-border-radius-top-right:0px;--awb-border-radius-bottom-right:0px;--awb-border-radius-bottom-left:0px;--awb-padding-top:0px;--awb-padding-bottom:40px;--awb-padding-bottom-small:30px;--awb-flex-wrap:wrap;\" ><div class=\"fusion-builder-row fusion-row fusion-flex-align-items-center fusion-flex-content-wrap\" style=\"max-width:1456px;margin-left: calc(-4% \/ 2 );margin-right: calc(-4% \/ 2 );\"><div class=\"fusion-layout-column fusion_builder_column fusion-builder-column-2 fusion_builder_column_1_2 1_2 fusion-flex-column\" style=\"--awb-overflow:hidden;--awb-bg-size:cover;--awb-border-radius:60px 0px 0px 0px;--awb-width-large:50%;--awb-margin-top-large:40px;--awb-spacing-right-large:3.84%;--awb-margin-bottom-large:40px;--awb-spacing-left-large:11.52%;--awb-width-medium:100%;--awb-order-medium:0;--awb-spacing-right-medium:1.92%;--awb-spacing-left-medium:1.92%;--awb-width-small:100%;--awb-order-small:0;--awb-spacing-right-small:1.92%;--awb-spacing-left-small:1.92%;\"><div class=\"fusion-column-wrapper fusion-column-has-shadow fusion-flex-justify-content-flex-start fusion-content-layout-column\"><div class=\"fusion-image-element \" style=\"--awb-caption-title-font-family:var(--h2_typography-font-family);--awb-caption-title-font-weight:var(--h2_typography-font-weight);--awb-caption-title-font-style:var(--h2_typography-font-style);--awb-caption-title-size:var(--h2_typography-font-size);--awb-caption-title-transform:var(--h2_typography-text-transform);--awb-caption-title-line-height:var(--h2_typography-line-height);--awb-caption-title-letter-spacing:var(--h2_typography-letter-spacing);\"><span class=\" fusion-imageframe imageframe-none imageframe-2 hover-type-zoomin\"><img decoding=\"async\" width=\"1280\" height=\"1920\" title=\"0038\" src=\"https:\/\/www.nessa-art.si\/wp-content\/uploads\/2025\/05\/0038-scaled.jpg\" data-orig-src=\"https:\/\/www.nessa-art.si\/wp-content\/uploads\/2025\/05\/0038-scaled.jpg\" alt class=\"lazyload img-responsive wp-image-5722\" srcset=\"data:image\/svg+xml,%3Csvg%20xmlns%3D%27http%3A%2F%2Fwww.w3.org%2F2000%2Fsvg%27%20width%3D%271280%27%20height%3D%271920%27%20viewBox%3D%270%200%201280%201920%27%3E%3Crect%20width%3D%271280%27%20height%3D%271920%27%20fill-opacity%3D%220%22%2F%3E%3C%2Fsvg%3E\" data-srcset=\"https:\/\/www.nessa-art.si\/wp-content\/uploads\/2025\/05\/0038-200x300.jpg 200w, https:\/\/www.nessa-art.si\/wp-content\/uploads\/2025\/05\/0038-400x600.jpg 400w, https:\/\/www.nessa-art.si\/wp-content\/uploads\/2025\/05\/0038-600x900.jpg 600w, https:\/\/www.nessa-art.si\/wp-content\/uploads\/2025\/05\/0038-800x1200.jpg 800w, https:\/\/www.nessa-art.si\/wp-content\/uploads\/2025\/05\/0038-1200x1800.jpg 1200w, https:\/\/www.nessa-art.si\/wp-content\/uploads\/2025\/05\/0038-scaled.jpg 1280w\" data-sizes=\"auto\" data-orig-sizes=\"(max-width: 1024px) 100vw, (max-width: 640px) 100vw, 800px\" \/><\/span><\/div><\/div><\/div><div class=\"fusion-layout-column fusion_builder_column fusion-builder-column-3 fusion_builder_column_1_2 1_2 fusion-flex-column fusion-animated\" style=\"--awb-padding-top:40px;--awb-padding-bottom:30px;--awb-bg-size:cover;--awb-width-large:50%;--awb-margin-top-large:0px;--awb-spacing-right-large:5.12%;--awb-margin-bottom-large:25px;--awb-spacing-left-large:3.84%;--awb-width-medium:100%;--awb-order-medium:0;--awb-spacing-right-medium:1.92%;--awb-margin-bottom-medium:0px;--awb-spacing-left-medium:1.92%;--awb-width-small:100%;--awb-order-small:0;--awb-spacing-right-small:1.92%;--awb-spacing-left-small:1.92%;\" data-animationType=\"fadeInRight\" data-animationDuration=\"1.0\" data-animationOffset=\"top-into-view\"><div class=\"fusion-column-wrapper fusion-column-has-shadow fusion-flex-justify-content-center fusion-content-layout-column\"><div class=\"fusion-text fusion-text-2 md-text-align-center sm-text-align-center\" style=\"--awb-text-transform:none;\"><p>Her prefered motif for painting is nature and everything connected with it, she takes photos of different scenes during her daily walks and travels. Ne\u017ea paints through the technique of realism and photorealism, she attempts to represent the subject matter truthfully, withouth artificiality and avoiding supernatural elements. She sometimes plays with different colors and changes acording to her mood, but sticks to reproducing the image as realistically as possible in any medium. She loves getting lost in painting details based on a referenced photography, that is her way of losing herself in time and just relaxing.<br \/>\nShe is thinking of loosening her brush strokes in the future and trying to create her personal painting style that will still have a realistic touch but more loose and unique. She is trying different techniques and learning each day, while cleaning her pallette she also makes abstract thick paintings with a pallette knife, which are also admired by her followers.<br \/>\nShe loves learning every day and hopefully she will continue painting for the rest of her days in her studio alongside her beloved cat.<br \/>\nShe had her first solo exhibition in march 2020 in her hometown Vi\u0161nja Gora.<\/p>\n<p><strong>Other exhibitions:<\/strong><\/p>\n<ul>\n<li>Dom Starej\u0161ih ob\u010danov Be\u017eigrad Ljubljana<\/li>\n<li>Knji\u017enica Dobrepolje<\/li>\n<li>Knji\u017eica Ivan\u010dna Gorica<\/li>\n<li>Mala galerija v Ekonomski Fakulteti v Ljubljani<\/li>\n<li>Kavarna Vila Teslova<\/li>\n<\/ul>\n<\/div><\/div><\/div><\/div><\/div><div class=\"fusion-fullwidth fullwidth-box fusion-builder-row-3 fusion-flex-container has-pattern-background has-mask-background fusion-parallax-none nonhundred-percent-fullwidth non-hundred-percent-height-scrolling lazyload\" style=\"--awb-border-radius-top-left:0px;--awb-border-radius-top-right:0px;--awb-border-radius-bottom-right:0px;--awb-border-radius-bottom-left:0px;--awb-padding-top:0px;--awb-padding-right:40px;--awb-padding-bottom:0px;--awb-padding-left:40px;--awb-background-color:var(--awb-color6);--awb-background-size:cover;--awb-flex-wrap:wrap;\" data-bg=\"https:\/\/www.nessa-art.si\/wp-content\/uploads\/2025\/05\/9939-scaled.jpg\" ><div class=\"fusion-builder-row fusion-row fusion-flex-align-items-flex-start fusion-flex-content-wrap\" style=\"max-width:calc( 1400px + 0px );margin-left: calc(-0px \/ 2 );margin-right: calc(-0px \/ 2 );\"><div class=\"fusion-layout-column fusion_builder_column fusion-builder-column-4 fusion_builder_column_3_5 3_5 fusion-flex-column\" style=\"--awb-padding-top:10%;--awb-padding-right:15%;--awb-padding-bottom:10%;--awb-padding-left:16%;--awb-bg-size:cover;--awb-width-large:60%;--awb-margin-top-large:0px;--awb-spacing-right-large:0px;--awb-margin-bottom-large:0px;--awb-spacing-left-large:0px;--awb-width-medium:66.666666666667%;--awb-order-medium:0;--awb-spacing-right-medium:0px;--awb-spacing-left-medium:0px;--awb-width-small:100%;--awb-order-small:0;--awb-spacing-right-small:0px;--awb-spacing-left-small:0px;\"><div class=\"fusion-column-wrapper fusion-column-has-shadow fusion-flex-justify-content-flex-start fusion-content-layout-column\"><div class=\"fusion-title title fusion-title-3 fusion-sep-none fusion-title-text fusion-title-size-six\" style=\"--awb-text-color:var(--awb-color1);--awb-margin-top:0px;--awb-margin-top-small:0px;\"><h6 class=\"fusion-title-heading title-heading-left fusion-responsive-typography-calculated\" style=\"margin:0;text-transform:var(--awb-typography2-text-transform);--fontSize:14;--minFontSize:14;line-height:var(--awb-typography2-line-height);\"><strong>Get in touch with me<\/strong><\/h6><\/div><div class=\"fusion-title title fusion-title-4 fusion-sep-none fusion-title-text fusion-title-size-three\" style=\"--awb-text-color:var(--awb-color1);--awb-font-size:36px;\"><h3 class=\"fusion-title-heading title-heading-left fusion-responsive-typography-calculated\" style=\"margin:0;font-size:1em;--fontSize:36;line-height:var(--awb-typography1-line-height);\">For any questions you can send me a message<\/h3><\/div><div class=\"fusion-separator fusion-full-width-sep\" style=\"align-self: center;margin-left: auto;margin-right: auto;margin-top:30px;width:100%;\"><\/div><div class=\"fusion-builder-row fusion-builder-row-inner fusion-row fusion-flex-align-items-flex-start fusion-flex-content-wrap\" style=\"width:calc( 100% + 0px ) !important;max-width:calc( 100% + 0px ) !important;margin-left: calc(-0px \/ 2 );margin-right: calc(-0px \/ 2 );\"><div class=\"fusion-layout-column fusion_builder_column_inner fusion-builder-nested-column-0 fusion_builder_column_inner_1_1 1_1 fusion-flex-column fusion-column-inner-bg-wrapper fusion-animated\" style=\"--awb-padding-top:24px;--awb-padding-right:32px;--awb-padding-bottom:24px;--awb-padding-left:32px;--awb-inner-bg-color:var(--awb-color4);--awb-inner-bg-color-hover:var(--awb-color4);--awb-inner-bg-size:cover;--awb-width-large:100%;--awb-margin-top-large:0px;--awb-spacing-right-large:0px;--awb-margin-bottom-large:0px;--awb-spacing-left-large:0px;--awb-width-medium:100%;--awb-order-medium:0;--awb-spacing-right-medium:0px;--awb-spacing-left-medium:0px;--awb-width-small:100%;--awb-order-small:0;--awb-spacing-right-small:0px;--awb-spacing-left-small:0px;\" data-animationType=\"zoomIn\" data-animationDuration=\"1.0\" data-animationOffset=\"top-into-view\"><span class=\"fusion-column-inner-bg hover-type-zoomin\"><a class=\"fusion-column-anchor\" href=\"https:\/\/www.nessa-art.si\/en\/contact\/\"><span class=\"fusion-column-inner-bg-image\"><\/span><\/a><\/span><div class=\"fusion-column-wrapper fusion-column-has-shadow fusion-flex-justify-content-flex-start fusion-content-layout-block\"><div class=\"fusion-fa-align-right\"><i class=\"fb-icon-element-1 fb-icon-element fontawesome-icon icon-furniturearrow-right-solid circle-yes\" style=\"--awb-circlecolor:rgba(24,27,32,0);--awb-circlecolor-hover:rgba(24,27,32,0);--awb-circlebordersize:1px;--awb-font-size:14.08px;--awb-width:28.16px;--awb-height:28.16px;--awb-line-height:26.16px;--awb-margin-top:-2px;\"><\/i><\/div><div class=\"fusion-text fusion-text-3 fusion-text-no-margin paragraph-small\" style=\"--awb-font-size:16px;--awb-line-height:26px;--awb-letter-spacing:0px;--awb-text-transform:var(--awb-typography2-text-transform);--awb-text-color:var(--awb-color1);--awb-margin-bottom:0px;--awb-text-font-family:var(--awb-typography3-font-family);--awb-text-font-weight:var(--awb-typography3-font-weight);--awb-text-font-style:var(--awb-typography3-font-style);\"><p>Send me a message<\/p>\n<\/div><\/div><\/div><\/div><\/div><\/div><\/div><\/div><\/p>\n","protected":false},"excerpt":{"rendered":"","protected":false},"author":1,"featured_media":0,"parent":0,"menu_order":0,"comment_status":"closed","ping_status":"closed","template":"100-width.php","meta":{"footnotes":""},"class_list":["post-4463","page","type-page","status-publish","hentry"],"_links":{"self":[{"href":"https:\/\/www.nessa-art.si\/en\/wp-json\/wp\/v2\/pages\/4463","targetHints":{"allow":["GET"]}}],"collection":[{"href":"https:\/\/www.nessa-art.si\/en\/wp-json\/wp\/v2\/pages"}],"about":[{"href":"https:\/\/www.nessa-art.si\/en\/wp-json\/wp\/v2\/types\/page"}],"author":[{"embeddable":true,"href":"https:\/\/www.nessa-art.si\/en\/wp-json\/wp\/v2\/users\/1"}],"replies":[{"embeddable":true,"href":"https:\/\/www.nessa-art.si\/en\/wp-json\/wp\/v2\/comments?post=4463"}],"version-history":[{"count":26,"href":"https:\/\/www.nessa-art.si\/en\/wp-json\/wp\/v2\/pages\/4463\/revisions"}],"predecessor-version":[{"id":5744,"href":"https:\/\/www.nessa-art.si\/en\/wp-json\/wp\/v2\/pages\/4463\/revisions\/5744"}],"wp:attachment":[{"href":"https:\/\/www.nessa-art.si\/en\/wp-json\/wp\/v2\/media?parent=4463"}],"curies":[{"name":"wp","href":"https:\/\/api.w.org\/{rel}","templated":true}]}}